{"id":158,"date":"2024-08-02T17:19:10","date_gmt":"2024-08-02T15:19:10","guid":{"rendered":"https:\/\/www.psaltis.fr\/?page_id=158"},"modified":"2026-04-07T18:34:03","modified_gmt":"2026-04-07T16:34:03","slug":"accueil","status":"publish","type":"page","link":"https:\/\/www.psaltis.fr\/","title":{"rendered":"Welcome on board"},"content":{"rendered":"<p>Marseille est une ville qui s\u2019\u00e9prouve. Il ne suffit pas de la regarder, il faut l\u2019\u00e9couter, sentir sa respiration, se laisser s\u00e9duire par un sourire, d\u00e9couvrir les petites histoires de cette grande ville, certainement l\u2019une des plus attachantes quand on se donne les moyens de la d\u00e9couvrir.<\/p>\n\n\n<div class=\"wp-block-columns is-layout-flex wp-container-core-columns-is-layout-9d6595d7 wp-block-columns-is-layout-flex\">\n<div class=\"wp-block-column is-layout-flow wp-block-column-is-layout-flow\" style=\"flex-basis:100%\">\n<figure class=\"wp-block-image size-full\"><img loading=\"lazy\" decoding=\"async\" width=\"1500\" height=\"1000\" src=\"https:\/\/www.psaltis.fr\/wp-content\/uploads\/2024\/08\/carroussel-3.jpg\" alt=\"\" class=\"wp-image-188\" srcset=\"https:\/\/www.psaltis.fr\/wp-content\/uploads\/2024\/08\/carroussel-3.jpg 1500w, https:\/\/www.psaltis.fr\/wp-content\/uploads\/2024\/08\/carroussel-3-300x200.jpg 300w, https:\/\/www.psaltis.fr\/wp-content\/uploads\/2024\/08\/carroussel-3-1024x683.jpg 1024w, https:\/\/www.psaltis.fr\/wp-content\/uploads\/2024\/08\/carroussel-3-768x512.jpg 768w\" sizes=\"auto, (max-width: 767px) 89vw, (max-width: 1000px) 54vw, (max-width: 1071px) 543px, 580px\" \/><figcaption class=\"wp-element-caption\">Le Vieux-Port et Notre-Dame de la Garde<\/figcaption><\/figure>\n\n\n\n<figure class=\"wp-block-image size-full\"><img loading=\"lazy\" decoding=\"async\" width=\"1500\" height=\"1000\" src=\"https:\/\/www.psaltis.fr\/wp-content\/uploads\/2024\/08\/carroussel-4.jpg\" alt=\"\" class=\"wp-image-190\" srcset=\"https:\/\/www.psaltis.fr\/wp-content\/uploads\/2024\/08\/carroussel-4.jpg 1500w, https:\/\/www.psaltis.fr\/wp-content\/uploads\/2024\/08\/carroussel-4-300x200.jpg 300w, https:\/\/www.psaltis.fr\/wp-content\/uploads\/2024\/08\/carroussel-4-1024x683.jpg 1024w, https:\/\/www.psaltis.fr\/wp-content\/uploads\/2024\/08\/carroussel-4-768x512.jpg 768w\" sizes=\"auto, (max-width: 767px) 89vw, (max-width: 1000px) 54vw, (max-width: 1071px) 543px, 580px\" \/><figcaption class=\"wp-element-caption\">Le vallon des Auffes<\/figcaption><\/figure>\n\n\n\n<figure class=\"wp-block-image size-full\"><img loading=\"lazy\" decoding=\"async\" width=\"1500\" height=\"989\" src=\"https:\/\/www.psaltis.fr\/wp-content\/uploads\/2024\/08\/carroussel-1.jpg\" alt=\"\" class=\"wp-image-189\" srcset=\"https:\/\/www.psaltis.fr\/wp-content\/uploads\/2024\/08\/carroussel-1.jpg 1500w, https:\/\/www.psaltis.fr\/wp-content\/uploads\/2024\/08\/carroussel-1-300x198.jpg 300w, https:\/\/www.psaltis.fr\/wp-content\/uploads\/2024\/08\/carroussel-1-1024x675.jpg 1024w, https:\/\/www.psaltis.fr\/wp-content\/uploads\/2024\/08\/carroussel-1-768x506.jpg 768w\" sizes=\"auto, (max-width: 767px) 89vw, (max-width: 1000px) 54vw, (max-width: 1071px) 543px, 580px\" \/><figcaption class=\"wp-element-caption\">Le business center de la Joliette<\/figcaption><\/figure>\n<\/div>\n<\/div>\n\n\n\n<blockquote class=\"wp-block-quote is-layout-flow wp-block-quote-is-layout-flow\">\n<blockquote class=\"wp-block-quote is-layout-flow wp-block-quote-is-layout-flow\">\n<p class=\"has-text-align-center\"><strong>\u00ab\u00a0Avec mon mari, nous avons d\u00e9couvert cette ville et ses surprises. Il y a des anecdotes et des infos que nous n&rsquo;avions jamais lues ailleurs\u00a0\u00bb<br><\/strong>\u2022 Sophie et Antoine Ricard (Saint-Mand\u00e9)<\/p>\n<\/blockquote>\n<\/blockquote>\n\n\n<p>Nous proposons une s\u00e9lection de circuits comptant certains des b\u00e2timents les plus exceptionnels de France. Chaque rencontre est \u00e9maill\u00e9e d&rsquo;anecdotes qu&rsquo;aucun autre guide ne vous racontera. De l&rsquo;Acad\u00e9mie de Marseille au mar\u00e9graphe, des studios de la plus ancienne radio libre de Marseille \u00e0 la Friche Belle-de-Mai \u00e0 l&rsquo;usine Haribo&#8230; Et si on d\u00e9jeunait ensemble au Cercle des Nageurs des Catalans ? Vous disposez d&rsquo;une heure, de 4 heures ou d&rsquo;une journ\u00e9e ? Discutons ensemble pour \u00e9tablir une visite inoubliable&#8230;<\/p>\n\n\n<div data-wp-context=\"{ &quot;autoclose&quot;: false, &quot;accordionItems&quot;: [] }\" data-wp-interactive=\"core\/accordion\" role=\"group\" class=\"wp-block-accordion is-layout-flow wp-block-accordion-is-layout-flow\">\n<div data-wp-class--is-open=\"state.isOpen\" data-wp-context=\"{ &quot;id&quot;: &quot;accordion-item-1&quot;, &quot;openByDefault&quot;: false }\" data-wp-init=\"callbacks.initAccordionItems\" data-wp-on-window--hashchange=\"callbacks.hashChange\" class=\"wp-block-accordion-item is-layout-flow wp-block-accordion-item-is-layout-flow\">\n<h3 class=\"wp-block-accordion-heading\"><button aria-expanded=\"false\" aria-controls=\"accordion-item-1-panel\" data-wp-bind--aria-expanded=\"state.isOpen\" data-wp-on--click=\"actions.toggle\" data-wp-on--keydown=\"actions.handleKeyDown\" id=\"accordion-item-1\" type=\"button\" class=\"wp-block-accordion-heading__toggle\"><span class=\"wp-block-accordion-heading__toggle-title\"><strong>Parcours 1 heure<\/strong><\/span><span class=\"wp-block-accordion-heading__toggle-icon\" aria-hidden=\"true\">+<\/span><\/button><\/h3>\n\n\n\n<div inert aria-labelledby=\"accordion-item-1\" data-wp-bind--inert=\"!state.isOpen\" id=\"accordion-item-1-panel\" role=\"region\" class=\"wp-block-accordion-panel is-layout-flow wp-block-accordion-panel-is-layout-flow\">\n<p>Visite au choix de l&rsquo;abbaye de Saint-Victor ou de la basilique Notre-Dame de la Garde. Architecture, style, anecdotes, r\u00e9f\u00e9rences religieuses.<\/p>\n<\/div>\n<\/div>\n<\/div>\n\n\n\n<div data-wp-context=\"{ &quot;autoclose&quot;: false, &quot;accordionItems&quot;: [] }\" data-wp-interactive=\"core\/accordion\" role=\"group\" class=\"wp-block-accordion is-layout-flow wp-block-accordion-is-layout-flow\">\n<div data-wp-class--is-open=\"state.isOpen\" data-wp-context=\"{ &quot;id&quot;: &quot;accordion-item-2&quot;, &quot;openByDefault&quot;: false }\" data-wp-init=\"callbacks.initAccordionItems\" data-wp-on-window--hashchange=\"callbacks.hashChange\" class=\"wp-block-accordion-item is-layout-flow wp-block-accordion-item-is-layout-flow\">\n<h3 class=\"wp-block-accordion-heading\"><button aria-expanded=\"false\" aria-controls=\"accordion-item-2-panel\" data-wp-bind--aria-expanded=\"state.isOpen\" data-wp-on--click=\"actions.toggle\" data-wp-on--keydown=\"actions.handleKeyDown\" id=\"accordion-item-2\" type=\"button\" class=\"wp-block-accordion-heading__toggle\"><span class=\"wp-block-accordion-heading__toggle-title\"><strong>Parcours deux heures<\/strong><\/span><span class=\"wp-block-accordion-heading__toggle-icon\" aria-hidden=\"true\">+<\/span><\/button><\/h3>\n\n\n\n<div inert aria-labelledby=\"accordion-item-2\" data-wp-bind--inert=\"!state.isOpen\" id=\"accordion-item-2-panel\" role=\"region\" class=\"wp-block-accordion-panel is-layout-flow wp-block-accordion-panel-is-layout-flow\">\n<p>\u2022 Le cours Julien, la rue d&rsquo;Aubagne, la Canebi\u00e8re. Le quartier des artistes boh\u00e8mes, le ventre de Marseille et la fameuse art\u00e8re qui fut l&#8217;embl\u00e8me de la ville aux XIXe et XXe si\u00e8cles.<\/p>\n<\/div>\n<\/div>\n<\/div>\n\n\n\n<div data-wp-context=\"{ &quot;autoclose&quot;: false, &quot;accordionItems&quot;: [] }\" data-wp-interactive=\"core\/accordion\" role=\"group\" class=\"wp-block-accordion is-layout-flow wp-block-accordion-is-layout-flow\">\n<div data-wp-class--is-open=\"state.isOpen\" data-wp-context=\"{ &quot;id&quot;: &quot;accordion-item-3&quot;, &quot;openByDefault&quot;: false }\" data-wp-init=\"callbacks.initAccordionItems\" data-wp-on-window--hashchange=\"callbacks.hashChange\" class=\"wp-block-accordion-item is-layout-flow wp-block-accordion-item-is-layout-flow\">\n<h3 class=\"wp-block-accordion-heading\"><button aria-expanded=\"false\" aria-controls=\"accordion-item-3-panel\" data-wp-bind--aria-expanded=\"state.isOpen\" data-wp-on--click=\"actions.toggle\" data-wp-on--keydown=\"actions.handleKeyDown\" id=\"accordion-item-3\" type=\"button\" class=\"wp-block-accordion-heading__toggle\"><span class=\"wp-block-accordion-heading__toggle-title\"><strong>Parcours 3-4 heures<\/strong><\/span><span class=\"wp-block-accordion-heading__toggle-icon\" aria-hidden=\"true\">+<\/span><\/button><\/h3>\n\n\n\n<div inert aria-labelledby=\"accordion-item-3\" data-wp-bind--inert=\"!state.isOpen\" id=\"accordion-item-3-panel\" role=\"region\" class=\"wp-block-accordion-panel is-layout-flow wp-block-accordion-panel-is-layout-flow\">\n<p>Le Vieux-Port (mairie, place Villeneuve-Bargemon), le Panier, la Vieille Charit\u00e9, la rue de la R\u00e9publique et le Jardin des Vestiges<\/p>\n<\/div>\n<\/div>\n<\/div>\n\n\n\n<div data-wp-context=\"{ &quot;autoclose&quot;: false, &quot;accordionItems&quot;: [] }\" data-wp-interactive=\"core\/accordion\" role=\"group\" class=\"wp-block-accordion is-layout-flow wp-block-accordion-is-layout-flow\">\n<div data-wp-class--is-open=\"state.isOpen\" data-wp-context=\"{ &quot;id&quot;: &quot;accordion-item-4&quot;, &quot;openByDefault&quot;: false }\" data-wp-init=\"callbacks.initAccordionItems\" data-wp-on-window--hashchange=\"callbacks.hashChange\" class=\"wp-block-accordion-item is-layout-flow wp-block-accordion-item-is-layout-flow\">\n<h3 class=\"wp-block-accordion-heading\"><button aria-expanded=\"false\" aria-controls=\"accordion-item-4-panel\" data-wp-bind--aria-expanded=\"state.isOpen\" data-wp-on--click=\"actions.toggle\" data-wp-on--keydown=\"actions.handleKeyDown\" id=\"accordion-item-4\" type=\"button\" class=\"wp-block-accordion-heading__toggle\"><span class=\"wp-block-accordion-heading__toggle-title\"><strong>Sur-mesure<\/strong><\/span><span class=\"wp-block-accordion-heading__toggle-icon\" aria-hidden=\"true\">+<\/span><\/button><\/h3>\n\n\n\n<div inert aria-labelledby=\"accordion-item-4\" data-wp-bind--inert=\"!state.isOpen\" id=\"accordion-item-4-panel\" role=\"region\" class=\"wp-block-accordion-panel is-layout-flow wp-block-accordion-panel-is-layout-flow\">\n<p>Et si on imaginait un parcours sur-mesure ? Vous nous confiez vos passions et nous imaginons un tour exclusif, des calanques aux mus\u00e9es, des \u00e9glises aux palais.<\/p>\n<\/div>\n<\/div>\n<\/div>\n\n\n\n<blockquote class=\"wp-block-quote is-layout-flow wp-block-quote-is-layout-flow\">\n<p class=\"has-text-align-center\"><strong>\u00ab\u00a0On est venu avec mon \u00e9pouse pour passer trois jours et on a d\u00e9cid\u00e9 de consacrer une apr\u00e8s-midi \u00e0 la visite du Vieux-Marseille. C&rsquo;\u00e9tait g\u00e9nial, on a mang\u00e9 des navettes, on a d\u00e9couvert des adresses incroyables\u00a0\u00bb<br><\/strong>Marc-Antoine, Ecully<\/p>\n<\/blockquote>\n\n\n\n<figure class=\"wp-block-image size-large\"><img loading=\"lazy\" decoding=\"async\" width=\"1024\" height=\"680\" src=\"https:\/\/www.psaltis.fr\/wp-content\/uploads\/2024\/08\/carroussel-2-1024x680.jpg\" alt=\"\" class=\"wp-image-191\" srcset=\"https:\/\/www.psaltis.fr\/wp-content\/uploads\/2024\/08\/carroussel-2-1024x680.jpg 1024w, https:\/\/www.psaltis.fr\/wp-content\/uploads\/2024\/08\/carroussel-2-300x199.jpg 300w, https:\/\/www.psaltis.fr\/wp-content\/uploads\/2024\/08\/carroussel-2-768x510.jpg 768w, https:\/\/www.psaltis.fr\/wp-content\/uploads\/2024\/08\/carroussel-2.jpg 1500w\" sizes=\"auto, (max-width: 767px) 89vw, (max-width: 1000px) 54vw, (max-width: 1071px) 543px, 580px\" \/><figcaption class=\"wp-element-caption\">Les calanques<\/figcaption><\/figure>\n","protected":false},"excerpt":{"rendered":"<p>Marseille est une ville qui s\u2019\u00e9prouve. Il ne suffit pas de la regarder, il faut l\u2019\u00e9couter, sentir sa respiration, se laisser s\u00e9duire par un sourire, d\u00e9couvrir les petites histoires de cette grande ville, certainement l\u2019une des plus attachantes quand on se donne les moyens de la d\u00e9couvrir. Nous proposons une s\u00e9lection de circuits comptant certains &hellip; <\/p>\n<p class=\"link-more\"><a href=\"https:\/\/www.psaltis.fr\/\" class=\"more-link\">Continuer la lecture<span class=\"screen-reader-text\"> de &laquo;&nbsp;Welcome on board&nbsp;&raquo;<\/span><\/a><\/p>\n","protected":false},"author":1,"featured_media":164,"parent":0,"menu_order":0,"comment_status":"closed","ping_status":"closed","template":"","meta":{"footnotes":""},"class_list":["post-158","page","type-page","status-publish","has-post-thumbnail","hentry"],"_links":{"self":[{"href":"https:\/\/www.psaltis.fr\/index.php?rest_route=\/wp\/v2\/pages\/158","targetHints":{"allow":["GET"]}}],"collection":[{"href":"https:\/\/www.psaltis.fr\/index.php?rest_route=\/wp\/v2\/pages"}],"about":[{"href":"https:\/\/www.psaltis.fr\/index.php?rest_route=\/wp\/v2\/types\/page"}],"author":[{"embeddable":true,"href":"https:\/\/www.psaltis.fr\/index.php?rest_route=\/wp\/v2\/users\/1"}],"replies":[{"embeddable":true,"href":"https:\/\/www.psaltis.fr\/index.php?rest_route=%2Fwp%2Fv2%2Fcomments&post=158"}],"version-history":[{"count":18,"href":"https:\/\/www.psaltis.fr\/index.php?rest_route=\/wp\/v2\/pages\/158\/revisions"}],"predecessor-version":[{"id":227,"href":"https:\/\/www.psaltis.fr\/index.php?rest_route=\/wp\/v2\/pages\/158\/revisions\/227"}],"wp:featuredmedia":[{"embeddable":true,"href":"https:\/\/www.psaltis.fr\/index.php?rest_route=\/wp\/v2\/media\/164"}],"wp:attachment":[{"href":"https:\/\/www.psaltis.fr\/index.php?rest_route=%2Fwp%2Fv2%2Fmedia&parent=158"}],"curies":[{"name":"wp","href":"https:\/\/api.w.org\/{rel}","templated":true}]}}